{"id":6018,"date":"2024-03-07T19:10:32","date_gmt":"2024-03-07T19:10:32","guid":{"rendered":"https:\/\/bmedia.rs\/cookie-policy\/"},"modified":"2024-03-08T12:29:49","modified_gmt":"2024-03-08T12:29:49","slug":"cookie-policy","status":"publish","type":"page","link":"https:\/\/bmedia.rs\/en\/cookie-policy\/","title":{"rendered":"Cookie policy"},"content":{"rendered":"\t\t<div data-elementor-type=\"wp-page\" data-elementor-id=\"6018\" class=\"elementor elementor-6018 elementor-5420\" data-elementor-post-type=\"page\">\n\t\t\t\t<div class=\"elementor-element elementor-element-a36e521 e-flex e-con-boxed e-con e-parent\" data-id=\"a36e521\" data-element_type=\"container\" data-e-type=\"container\" data-settings=\"{&quot;jet_parallax_layout_list&quot;:[]}\">\n\t\t\t\t\t<div class=\"e-con-inner\">\n\t\t\t\t<div class=\"elementor-element elementor-element-7363b23 elementor-widget elementor-widget-heading\" data-id=\"7363b23\" data-element_type=\"widget\" data-e-type=\"widget\" data-widget_type=\"heading.default\">\n\t\t\t\t<div class=\"elementor-widget-container\">\n\t\t\t\t\t<h1 class=\"elementor-heading-title elementor-size-default\">COOKIE POLICY<\/h1>\t\t\t\t<\/div>\n\t\t\t\t<\/div>\n\t\t\t\t<div class=\"elementor-element elementor-element-943bb28 elementor-widget elementor-widget-text-editor\" data-id=\"943bb28\" data-element_type=\"widget\" data-e-type=\"widget\" data-widget_type=\"text-editor.default\">\n\t\t\t\t<div class=\"elementor-widget-container\">\n\t\t\t\t\t\t\t\t\t<h4><b>About us and who controls the information<\/b><\/h4><ul><li style=\"font-weight: 400;\" aria-level=\"1\"><span style=\"font-weight: 400;\">This website is owned by Milan Barbari\u0107 PR BMedia 022, located at Gavrila Principa 2, 22400 Ruma.<\/span><\/li><li style=\"font-weight: 400;\" aria-level=\"1\"><span style=\"font-weight: 400;\">The creative agency BMedia is a registered company in Serbia under:<\/span><ul><li style=\"font-weight: 400;\" aria-level=\"2\"><span style=\"font-weight: 400;\">registration number: 66090086<\/span><\/li><li style=\"font-weight: 400;\" aria-level=\"2\"><span style=\"font-weight: 400;\">EIN: 112420000<\/span><\/li><li style=\"font-weight: 400;\" aria-level=\"2\"><span style=\"font-weight: 400;\">email address: info@bmedia.rs<\/span><\/li><\/ul><\/li><\/ul><h4><b>What are cookies<\/b><\/h4><ul><li style=\"font-weight: 400;\" aria-level=\"1\"><span style=\"font-weight: 400;\">Kola\u010di\u0107&#8221; je termin koji se odnosi na male skupove jednostavnih podataka koji se prikupljaju u veb pregleda\u010du korisnika dok pose\u0107uje neki vebsajt.<\/span><\/li><li style=\"font-weight: 400;\" aria-level=\"1\"><span style=\"font-weight: 400;\">A computer cookie is formally known as an HTTP cookie, web cookie, internet cookie, or browser cookie. Regardless of its name, a computer cookie consists of information. When you visit a website, it sends a cookie to your computer. The computer stores it in a file located within your web browser. (To help you find them more easily, look for the file named &#8220;cookies&#8221;.)<\/span><\/li><li style=\"font-weight: 400;\" aria-level=\"1\"><span style=\"font-weight: 400;\">You can read more about cookies on<\/span> <a href=\"https:\/\/en.wikipedia.org\/wiki\/HTTP_cookie\"><span style=\"font-weight: 400;\">Wikipedia<\/span><\/a><span style=\"font-weight: 400;\">.<\/span><\/li><\/ul><h4><b>What is the purpose of cookies?<\/b><\/h4><ul><li style=\"font-weight: 400;\" aria-level=\"1\"><span style=\"font-weight: 400;\">The purpose of cookies is to remember your actions on the site and to help the website track your activities during your visit. Cookies can be very useful. For example, many online retailers use cookies to track items in the shopping cart while users, or site visitors, browse the site. Without cookies, your shopping cart would reset and be empty every time you click on a new link on the site, making it impossible to make any purchases online.<\/span><\/li><li style=\"font-weight: 400;\" aria-level=\"1\"><span style=\"font-weight: 400;\">The website can also use cookies to keep track of your last visit.<\/span><\/li><li style=\"font-weight: 400;\" aria-level=\"1\"><span style=\"font-weight: 400;\">Different types of cookies track various activities on the site. Session cookies are used only when the user is actively browsing the site; when they leave, the session of that cookie disappears. Tracking cookies can be used to record long-term records of multiple visits to the same site. Authentication cookies track whether the user is logged in and, if so, under what name.<\/span><\/li><\/ul><h4><b>How we use cookies (types) and why<\/b><\/h4><h5><b>We use cookies for analytics and performance.<\/b><\/h5><ul><li style=\"font-weight: 400;\" aria-level=\"1\"><span style=\"font-weight: 400;\">We only use essential cookies necessary for tracking website visits, i.e., analytical cookies\/performance cookies, and only anonymously, meaning that at no point can we disclose the identity of visitors\/users of our site.<\/span><\/li><li style=\"font-weight: 400;\" aria-level=\"1\"><span style=\"font-weight: 400;\">We use them to improve the user experience and gain insight into which pages need improvement.<\/span><\/li><\/ul><h5><b>We use cookies for targeting.<\/b><\/h5><ul><li style=\"font-weight: 400;\" aria-level=\"1\"><span style=\"font-weight: 400;\">These cookies are associated with the Facebook pixel and are used for more precise targeting of the target audience when placing ads.<\/span><\/li><\/ul><h4><strong>Third-party cookies<\/strong><\/h4><h5><strong>Google<\/strong><\/h5><ul><li style=\"font-weight: 400;\" aria-level=\"1\"><span style=\"font-weight: 400;\">We use the Google Analytics product, manufactured by Google Inc. (address: 1600 Amphitheater Parkway, Mountain View, CA 94043, USA).<\/span><\/li><li style=\"font-weight: 400;\" aria-level=\"1\"><span style=\"font-weight: 400;\">Google Analytics uses cookies, which are text files placed on your computer, to help websites analyze how users use the site. The information generated by the cookie about your use will be transmitted to Google and stored on servers in the United States.<\/span><\/li><li style=\"font-weight: 400;\" aria-level=\"1\"><span style=\"font-weight: 400;\">We draw your attention to the fact that on this website, Google Analytics is supplemented with the code &#8216;gat._anonymizeIp();&#8217; to ensure anonymous collection of IP addresses (so-called IP masking).<\/span><\/li><li style=\"font-weight: 400;\" aria-level=\"1\"><span style=\"font-weight: 400;\">In case of activation of IP anonymization, Google shortens the IP address, making the last octet of the IP address anonymous for the Member States of the European Union and other parties to the Agreement on the European Economic Area. Only in exceptional cases, Google&#8217;s servers in the USA send and shorten the full IP address.<\/span><\/li><li style=\"font-weight: 400;\" aria-level=\"1\"><span style=\"font-weight: 400;\">On behalf of the website provider, Google uses information about the IP address and other data to evaluate your use of the website, compile reports on website activity for website operators, and provide other services related to website activity and internet usage to the website provider.<\/span><\/li><li style=\"font-weight: 400;\" aria-level=\"1\"><span style=\"font-weight: 400;\">Google does not associate your IP address with any other data it holds.<\/span><\/li><li style=\"font-weight: 400;\" aria-level=\"1\"><span style=\"font-weight: 400;\">You can refuse the use of cookies by selecting the appropriate settings in your browser. However, please note that if you do this, you may not be able to use all the features of this website.<\/span><\/li><\/ul><h5><strong>To disable Google Analytics, you can use browser add-ons such as Google Analytics Opt-out Browser Add-on provided by Google.<\/strong><\/h5><ul><li style=\"font-weight: 400;\" aria-level=\"1\"><span style=\"font-weight: 400;\">You can also prevent Google from collecting and using data (cookies and IP addresses) by downloading and installing a specific add-on.<\/span><\/li><li style=\"font-weight: 400;\" aria-level=\"1\"><span style=\"font-weight: 400;\">Please note that on this website, the analytics code is already supplemented with the &#8216;anonymizeIp&#8217; attribute to ensure anonymous collection of IP addresses.<\/span><\/li><li style=\"font-weight: 400;\" aria-level=\"1\"><span style=\"font-weight: 400;\">If you do not want Google to collect other data about your visit, you can install the<\/span> <a href=\"https:\/\/tools.google.com\/dlpage\/gaoptout\"><span style=\"font-weight: 400;\">Chrome browser extension<\/span><\/a><span style=\"font-weight: 400;\">.<\/span><\/li><li style=\"font-weight: 400;\" aria-level=\"1\"><span style=\"font-weight: 400;\">You can find more information about Google Analytics on our<\/span> <a href=\"https:\/\/www.popwebdesign.net\/politika-privatnosti.html\"><span style=\"font-weight: 400;\">Privacy Policy page<\/span><\/a><span style=\"font-weight: 400;\">.<\/span><\/li><\/ul><h5><strong> Facebook<\/strong><\/h5><ul><li style=\"font-weight: 400;\" aria-level=\"1\"><span style=\"font-weight: 400;\">We utilize the audience customization feature offered by Facebook Inc. (1601 S. California Avenue, Palo Alto, CA 94304, USA).<\/span><\/li><\/ul><h5><strong>Facebook conversion tracking pixel<\/strong><\/h5><ul><li style=\"font-weight: 400;\" aria-level=\"1\"><span style=\"font-weight: 400;\">This tool allows us to track user actions after they have been redirected to the provider&#8217;s website by clicking on an ad on the Facebook social network. This way, we are able to examine the effectiveness of the ads we place through this social network.<\/span><\/li><\/ul><h5><strong>MailChimp<\/strong><\/h5><ul><li style=\"font-weight: 400;\" aria-level=\"1\"><span style=\"font-weight: 400;\">MailChimp is an email marketing platform that offers simple tools to facilitate the design and sharing of advertising campaigns via email, managing subscriber lists (e.g., for online newsletters), and tracking results.<\/span><\/li><li style=\"font-weight: 400;\" aria-level=\"1\"><span style=\"font-weight: 400;\">To stay informed about the privacy policy of this service, please read it on<\/span> <a href=\"https:\/\/mailchimp.com\/legal\/privacy\/\"><span style=\"font-weight: 400;\">their website<\/span><\/a><span style=\"font-weight: 400;\">.<\/span><\/li><\/ul><h4><strong>Accepting the use of cookies<\/strong><\/h4><ul><li style=\"font-weight: 400;\" aria-level=\"1\"><span style=\"font-weight: 400;\">Upon first arrival to our website, you can choose whether to allow the use of cookies.<\/span><\/li><li style=\"font-weight: 400;\" aria-level=\"1\"><span style=\"font-weight: 400;\">In accordance with the recent enforcement of the General Data Protection Regulation (GDPR), user data should be anonymized, and our developers are working to fully implement the provisions of this regulation. We are committed to prioritizing GDPR and will implement it on this website as soon as possible.<\/span><\/li><\/ul><h4><strong>Changes to this cookie policy<\/strong><\/h4><ul><li style=\"list-style-type: none;\"><ul><li style=\"font-weight: 400;\" aria-level=\"1\"><span style=\"font-weight: 400;\">BMedia Creative Agency reserves the right to modify this cookie policy as needed. This policy has been developed in accordance with the latest update of the GDPR, which was adopted on the 27th. april 2016. year and became effective on 25th. may 2018. year.<\/span><\/li><li style=\"font-weight: 400;\" aria-level=\"1\"><span style=\"font-weight: 400;\">BMedia Creative Agency reserves the right to change this cookie policy to comply with amendments to applicable laws and regulations.<\/span><\/li><li style=\"font-weight: 400;\" aria-level=\"1\"><span style=\"font-weight: 400;\">We will not explicitly notify our clients or website users about these changes. Instead, we recommend periodically checking this page to stay informed about potential changes to our company&#8217;s policy.<\/span><\/li><li style=\"font-weight: 400;\" aria-level=\"1\"><span style=\"font-weight: 400;\">If you believe that BMedia Creative Agency is not adhering to this cookie usage policy, please contact us via email at: info@bmedia.rs<\/span><\/li><\/ul><\/li><\/ul>\t\t\t\t\t\t\t\t<\/div>\n\t\t\t\t<\/div>\n\t\t\t\t\t<\/div>\n\t\t\t\t<\/div>\n\t\t\t\t<\/div>\n\t\t","protected":false},"excerpt":{"rendered":"<p>COOKIE POLICY About us and who controls the information This website is owned by Milan Barbari\u0107 PR BMedia 022, located at Gavrila Principa 2, 22400 Ruma. The creative agency BMedia is a registered company in Serbia under: registration number: 66090086 EIN: 112420000 email address: info@bmedia.rs What are cookies Kola\u010di\u0107&#8221; je termin koji se odnosi na [&hellip;]<\/p>\n","protected":false},"author":1,"featured_media":0,"parent":0,"menu_order":0,"comment_status":"closed","ping_status":"closed","template":"","meta":{"footnotes":""},"class_list":["post-6018","page","type-page","status-publish","hentry"],"yoast_head":"<!-- This site is optimized with the Yoast SEO plugin v27.4 - https:\/\/yoast.com\/product\/yoast-seo-wordpress\/ -->\n<title>Cookie Policy | BMedia<\/title>\n<meta name=\"description\" content=\"A cookie is a term that refers to small sets of simple data collected in a user&#039;s web browser while visiting a website.\" \/>\n<meta name=\"robots\" content=\"index, follow, max-snippet:-1, max-image-preview:large, max-video-preview:-1\" \/>\n<link rel=\"canonical\" href=\"https:\/\/bmedia.rs\/en\/cookie-policy\/\" \/>\n<meta property=\"og:locale\" content=\"en_US\" \/>\n<meta property=\"og:type\" content=\"article\" \/>\n<meta property=\"og:title\" content=\"Cookie Policy | BMedia\" \/>\n<meta property=\"og:description\" content=\"A cookie is a term that refers to small sets of simple data collected in a user&#039;s web browser while visiting a website.\" \/>\n<meta property=\"og:url\" content=\"https:\/\/bmedia.rs\/en\/cookie-policy\/\" \/>\n<meta property=\"og:site_name\" content=\"BMedia\" \/>\n<meta property=\"article:publisher\" content=\"https:\/\/www.facebook.com\/bmedia.rs\/\" \/>\n<meta property=\"article:modified_time\" content=\"2024-03-08T12:29:49+00:00\" \/>\n<meta property=\"og:image\" content=\"https:\/\/bmedia.rs\/wp-content\/uploads\/2024\/03\/Bmedia-Favicon.png\" \/>\n\t<meta property=\"og:image:width\" content=\"1200\" \/>\n\t<meta property=\"og:image:height\" content=\"675\" \/>\n\t<meta property=\"og:image:type\" content=\"image\/png\" \/>\n<meta name=\"twitter:card\" content=\"summary_large_image\" \/>\n<meta name=\"twitter:label1\" content=\"Est. reading time\" \/>\n\t<meta name=\"twitter:data1\" content=\"5 minutes\" \/>\n<script type=\"application\/ld+json\" class=\"yoast-schema-graph\">{\"@context\":\"https:\\\/\\\/schema.org\",\"@graph\":[{\"@type\":\"WebPage\",\"@id\":\"https:\\\/\\\/bmedia.rs\\\/en\\\/cookie-policy\\\/\",\"url\":\"https:\\\/\\\/bmedia.rs\\\/en\\\/cookie-policy\\\/\",\"name\":\"Cookie Policy | BMedia\",\"isPartOf\":{\"@id\":\"https:\\\/\\\/bmedia.rs\\\/en\\\/#website\"},\"datePublished\":\"2024-03-07T19:10:32+00:00\",\"dateModified\":\"2024-03-08T12:29:49+00:00\",\"description\":\"A cookie is a term that refers to small sets of simple data collected in a user's web browser while visiting a website.\",\"breadcrumb\":{\"@id\":\"https:\\\/\\\/bmedia.rs\\\/en\\\/cookie-policy\\\/#breadcrumb\"},\"inLanguage\":\"en-US\",\"potentialAction\":[{\"@type\":\"ReadAction\",\"target\":[\"https:\\\/\\\/bmedia.rs\\\/en\\\/cookie-policy\\\/\"]}]},{\"@type\":\"BreadcrumbList\",\"@id\":\"https:\\\/\\\/bmedia.rs\\\/en\\\/cookie-policy\\\/#breadcrumb\",\"itemListElement\":[{\"@type\":\"ListItem\",\"position\":1,\"name\":\"Home\",\"item\":\"https:\\\/\\\/bmedia.rs\\\/en\\\/\"},{\"@type\":\"ListItem\",\"position\":2,\"name\":\"Cookie policy\"}]},{\"@type\":\"WebSite\",\"@id\":\"https:\\\/\\\/bmedia.rs\\\/en\\\/#website\",\"url\":\"https:\\\/\\\/bmedia.rs\\\/en\\\/\",\"name\":\"BMedia\",\"description\":\"Digitalna kreativna agencija\",\"publisher\":{\"@id\":\"https:\\\/\\\/bmedia.rs\\\/en\\\/#organization\"},\"potentialAction\":[{\"@type\":\"SearchAction\",\"target\":{\"@type\":\"EntryPoint\",\"urlTemplate\":\"https:\\\/\\\/bmedia.rs\\\/en\\\/?s={search_term_string}\"},\"query-input\":{\"@type\":\"PropertyValueSpecification\",\"valueRequired\":true,\"valueName\":\"search_term_string\"}}],\"inLanguage\":\"en-US\"},{\"@type\":\"Organization\",\"@id\":\"https:\\\/\\\/bmedia.rs\\\/en\\\/#organization\",\"name\":\"BMedia\",\"url\":\"https:\\\/\\\/bmedia.rs\\\/en\\\/\",\"logo\":{\"@type\":\"ImageObject\",\"inLanguage\":\"en-US\",\"@id\":\"https:\\\/\\\/bmedia.rs\\\/en\\\/#\\\/schema\\\/logo\\\/image\\\/\",\"url\":\"https:\\\/\\\/bmedia.rs\\\/wp-content\\\/uploads\\\/2024\\\/02\\\/cropped-Favicon.jpg\",\"contentUrl\":\"https:\\\/\\\/bmedia.rs\\\/wp-content\\\/uploads\\\/2024\\\/02\\\/cropped-Favicon.jpg\",\"width\":512,\"height\":512,\"caption\":\"BMedia\"},\"image\":{\"@id\":\"https:\\\/\\\/bmedia.rs\\\/en\\\/#\\\/schema\\\/logo\\\/image\\\/\"},\"sameAs\":[\"https:\\\/\\\/www.facebook.com\\\/bmedia.rs\\\/\",\"https:\\\/\\\/www.instagram.com\\\/bmedia.rs\\\/\"]}]}<\/script>\n<!-- \/ Yoast SEO plugin. -->","yoast_head_json":{"title":"Cookie Policy | BMedia","description":"A cookie is a term that refers to small sets of simple data collected in a user's web browser while visiting a website.","robots":{"index":"index","follow":"follow","max-snippet":"max-snippet:-1","max-image-preview":"max-image-preview:large","max-video-preview":"max-video-preview:-1"},"canonical":"https:\/\/bmedia.rs\/en\/cookie-policy\/","og_locale":"en_US","og_type":"article","og_title":"Cookie Policy | BMedia","og_description":"A cookie is a term that refers to small sets of simple data collected in a user's web browser while visiting a website.","og_url":"https:\/\/bmedia.rs\/en\/cookie-policy\/","og_site_name":"BMedia","article_publisher":"https:\/\/www.facebook.com\/bmedia.rs\/","article_modified_time":"2024-03-08T12:29:49+00:00","og_image":[{"width":1200,"height":675,"url":"https:\/\/bmedia.rs\/wp-content\/uploads\/2024\/03\/Bmedia-Favicon.png","type":"image\/png"}],"twitter_card":"summary_large_image","twitter_misc":{"Est. reading time":"5 minutes"},"schema":{"@context":"https:\/\/schema.org","@graph":[{"@type":"WebPage","@id":"https:\/\/bmedia.rs\/en\/cookie-policy\/","url":"https:\/\/bmedia.rs\/en\/cookie-policy\/","name":"Cookie Policy | BMedia","isPartOf":{"@id":"https:\/\/bmedia.rs\/en\/#website"},"datePublished":"2024-03-07T19:10:32+00:00","dateModified":"2024-03-08T12:29:49+00:00","description":"A cookie is a term that refers to small sets of simple data collected in a user's web browser while visiting a website.","breadcrumb":{"@id":"https:\/\/bmedia.rs\/en\/cookie-policy\/#breadcrumb"},"inLanguage":"en-US","potentialAction":[{"@type":"ReadAction","target":["https:\/\/bmedia.rs\/en\/cookie-policy\/"]}]},{"@type":"BreadcrumbList","@id":"https:\/\/bmedia.rs\/en\/cookie-policy\/#breadcrumb","itemListElement":[{"@type":"ListItem","position":1,"name":"Home","item":"https:\/\/bmedia.rs\/en\/"},{"@type":"ListItem","position":2,"name":"Cookie policy"}]},{"@type":"WebSite","@id":"https:\/\/bmedia.rs\/en\/#website","url":"https:\/\/bmedia.rs\/en\/","name":"BMedia","description":"Digitalna kreativna agencija","publisher":{"@id":"https:\/\/bmedia.rs\/en\/#organization"},"potentialAction":[{"@type":"SearchAction","target":{"@type":"EntryPoint","urlTemplate":"https:\/\/bmedia.rs\/en\/?s={search_term_string}"},"query-input":{"@type":"PropertyValueSpecification","valueRequired":true,"valueName":"search_term_string"}}],"inLanguage":"en-US"},{"@type":"Organization","@id":"https:\/\/bmedia.rs\/en\/#organization","name":"BMedia","url":"https:\/\/bmedia.rs\/en\/","logo":{"@type":"ImageObject","inLanguage":"en-US","@id":"https:\/\/bmedia.rs\/en\/#\/schema\/logo\/image\/","url":"https:\/\/bmedia.rs\/wp-content\/uploads\/2024\/02\/cropped-Favicon.jpg","contentUrl":"https:\/\/bmedia.rs\/wp-content\/uploads\/2024\/02\/cropped-Favicon.jpg","width":512,"height":512,"caption":"BMedia"},"image":{"@id":"https:\/\/bmedia.rs\/en\/#\/schema\/logo\/image\/"},"sameAs":["https:\/\/www.facebook.com\/bmedia.rs\/","https:\/\/www.instagram.com\/bmedia.rs\/"]}]}},"_links":{"self":[{"href":"https:\/\/bmedia.rs\/en\/wp-json\/wp\/v2\/pages\/6018","targetHints":{"allow":["GET"]}}],"collection":[{"href":"https:\/\/bmedia.rs\/en\/wp-json\/wp\/v2\/pages"}],"about":[{"href":"https:\/\/bmedia.rs\/en\/wp-json\/wp\/v2\/types\/page"}],"author":[{"embeddable":true,"href":"https:\/\/bmedia.rs\/en\/wp-json\/wp\/v2\/users\/1"}],"replies":[{"embeddable":true,"href":"https:\/\/bmedia.rs\/en\/wp-json\/wp\/v2\/comments?post=6018"}],"version-history":[{"count":4,"href":"https:\/\/bmedia.rs\/en\/wp-json\/wp\/v2\/pages\/6018\/revisions"}],"predecessor-version":[{"id":6092,"href":"https:\/\/bmedia.rs\/en\/wp-json\/wp\/v2\/pages\/6018\/revisions\/6092"}],"wp:attachment":[{"href":"https:\/\/bmedia.rs\/en\/wp-json\/wp\/v2\/media?parent=6018"}],"curies":[{"name":"wp","href":"https:\/\/api.w.org\/{rel}","templated":true}]}}